{"id":42,"date":"2017-01-02T14:20:42","date_gmt":"2017-01-02T14:20:42","guid":{"rendered":"http:\/\/ib-gaier.de\/?page_id=42"},"modified":"2017-01-06T15:22:57","modified_gmt":"2017-01-06T14:22:57","slug":"sanierungsfahrplan","status":"publish","type":"page","link":"http:\/\/ib-gaier.de\/?page_id=42","title":{"rendered":"Sanierungsfahrplan"},"content":{"rendered":"<p>Seit 2008 gibt es in Baden-W\u00fcrttemberg das <strong>Erneuerbare-W\u00e4rme-Gesetz<\/strong> (EW\u00e4rmeG). Beim Austausch des zentralen W\u00e4rmeerzeugers (Heizkessel) ist ein bestimmter Anteil an erneuerbaren Energien vorgeschrieben.<\/p>\n<p>Es existieren verschiedene Erf\u00fcllungsoptionen:<\/p>\n<ul>\n<li>Einsatz erneuerbarer Energien, z.B. Solarthermie, W\u00e4rmepumpe, Biogas, Bio\u00f6l<\/li>\n<li>Baulicher W\u00e4rmeschutz\/D\u00e4mmung, z.B. Dach\/oberste Geschossdecke, Au\u00dfenw\u00e4nde<\/li>\n<li>sonstige Ersatzma\u00dfnahmen, z.B. Anschluss an ein W\u00e4rmenetz<\/li>\n<li><strong>Sanierungsfahrplan<\/strong>: Hier wird ein geb\u00e4udeindividueller energetischer Sanierungsfahrplan erstellt, der sowohl die Geb\u00e4udeh\u00fclle als auch die Geb\u00e4udetechnik bewertet und abgestimmte, sinnvolle Sanierungsvorschl\u00e4ge f\u00fcr Ihr Geb\u00e4ude beinhaltet.<\/li>\n<\/ul>\n<p><img loading=\"lazy\" decoding=\"async\" class=\"alignnone size-full wp-image-58\" src=\"http:\/\/ib-gaier.de\/wp-content\/uploads\/2017\/01\/SFP-Logo-cut.png\" alt=\"\" width=\"220\" height=\"100\" \/><\/p>\n<p>Weitere Informationen sowie ein Beispiel eines Sanierungsfahrplanes finden Sie auf der Homepage des baden-w\u00fcrttembergischen Landesumweltministeriums: <a href=\"http:\/\/www.um.badenwuerttemberg.de\">www.um.badenwuerttemberg.de<\/a><\/p>\n","protected":false},"excerpt":{"rendered":"<p>Seit 2008 gibt es in Baden-W\u00fcrttemberg das Erneuerbare-W\u00e4rme-Gesetz (EW\u00e4rmeG). Beim Austausch des zentralen W\u00e4rmeerzeugers (Heizkessel) ist ein bestimmter Anteil an erneuerbaren Energien vorgeschrieben. Es existieren verschiedene Erf\u00fcllungsoptionen: Einsatz erneuerbarer Energien, &#8230;<\/p>\n","protected":false},"author":1,"featured_media":0,"parent":0,"menu_order":0,"comment_status":"closed","ping_status":"closed","template":"","meta":{"footnotes":""},"_links":{"self":[{"href":"http:\/\/ib-gaier.de\/index.php?rest_route=\/wp\/v2\/pages\/42"}],"collection":[{"href":"http:\/\/ib-gaier.de\/index.php?rest_route=\/wp\/v2\/pages"}],"about":[{"href":"http:\/\/ib-gaier.de\/index.php?rest_route=\/wp\/v2\/types\/page"}],"author":[{"embeddable":true,"href":"http:\/\/ib-gaier.de\/index.php?rest_route=\/wp\/v2\/users\/1"}],"replies":[{"embeddable":true,"href":"http:\/\/ib-gaier.de\/index.php?rest_route=%2Fwp%2Fv2%2Fcomments&post=42"}],"version-history":[{"count":6,"href":"http:\/\/ib-gaier.de\/index.php?rest_route=\/wp\/v2\/pages\/42\/revisions"}],"predecessor-version":[{"id":65,"href":"http:\/\/ib-gaier.de\/index.php?rest_route=\/wp\/v2\/pages\/42\/revisions\/65"}],"wp:attachment":[{"href":"http:\/\/ib-gaier.de\/index.php?rest_route=%2Fwp%2Fv2%2Fmedia&parent=42"}],"curies":[{"name":"wp","href":"https:\/\/api.w.org\/{rel}","templated":true}]}}