{"id":16,"date":"2017-01-02T13:46:59","date_gmt":"2017-01-02T13:46:59","guid":{"rendered":"http:\/\/ib-gaier.de\/?page_id=16"},"modified":"2017-01-06T15:21:56","modified_gmt":"2017-01-06T14:21:56","slug":"energieausweis","status":"publish","type":"page","link":"http:\/\/ib-gaier.de\/?page_id=16","title":{"rendered":"Energieausweis"},"content":{"rendered":"<p>Die Energieeinsparungsverordnung (EnEV) schreibt vor, dass f\u00fcr jedes Geb\u00e4ude beim Verkauf, bei Vermietung oder Verpachtung ein Energieausweis vorgelegt werden muss. Dieser gibt dem K\u00e4ufer, bzw. Mieter oder P\u00e4chter eine erste Information \u00fcber den energetischen Zustand des Geb\u00e4udes.<\/p>\n<p>F\u00fcr Sie als Geb\u00e4udeeigent\u00fcmer empfiehlt sich die Ausstellung eines sogenannten Bedarfsausweises, da hierbei der individuelle Geb\u00e4udezustand ermittelt wird und dabei die energetischen Schwachstellen Ihres Geb\u00e4udes erfasst werden.<\/p>\n<p>Ausgehend davon k\u00f6nnen bei Bedarf in einer Energieberatung Sanierungsma\u00dfnahmen abgeleitet werden.<\/p>\n<p>Weitere Informationen \u00fcber den Energieausweis bei der Deutschen Energie-Agentur (DENA) unter <a href=\"http:\/\/www.dena-energieausweis.de\/\">www.dena-energieausweis.de.<\/a><\/p>\n<p><img loading=\"lazy\" decoding=\"async\" class=\"alignnone wp-image-35\" src=\"http:\/\/ib-gaier.de\/wp-content\/uploads\/2017\/01\/Bild-Energieausweis-218x300.jpg\" alt=\"\" width=\"322\" height=\"443\" srcset=\"http:\/\/ib-gaier.de\/wp-content\/uploads\/2017\/01\/Bild-Energieausweis-218x300.jpg 218w, http:\/\/ib-gaier.de\/wp-content\/uploads\/2017\/01\/Bild-Energieausweis.jpg 438w\" sizes=\"(max-width: 322px) 100vw, 322px\" \/><\/p>\n","protected":false},"excerpt":{"rendered":"<p>Die Energieeinsparungsverordnung (EnEV) schreibt vor, dass f\u00fcr jedes Geb\u00e4ude beim Verkauf, bei Vermietung oder Verpachtung ein Energieausweis vorgelegt werden muss. Dieser gibt dem K\u00e4ufer, bzw. Mieter oder P\u00e4chter eine erste &#8230;<\/p>\n","protected":false},"author":1,"featured_media":0,"parent":0,"menu_order":0,"comment_status":"closed","ping_status":"closed","template":"","meta":{"footnotes":""},"_links":{"self":[{"href":"http:\/\/ib-gaier.de\/index.php?rest_route=\/wp\/v2\/pages\/16"}],"collection":[{"href":"http:\/\/ib-gaier.de\/index.php?rest_route=\/wp\/v2\/pages"}],"about":[{"href":"http:\/\/ib-gaier.de\/index.php?rest_route=\/wp\/v2\/types\/page"}],"author":[{"embeddable":true,"href":"http:\/\/ib-gaier.de\/index.php?rest_route=\/wp\/v2\/users\/1"}],"replies":[{"embeddable":true,"href":"http:\/\/ib-gaier.de\/index.php?rest_route=%2Fwp%2Fv2%2Fcomments&post=16"}],"version-history":[{"count":8,"href":"http:\/\/ib-gaier.de\/index.php?rest_route=\/wp\/v2\/pages\/16\/revisions"}],"predecessor-version":[{"id":76,"href":"http:\/\/ib-gaier.de\/index.php?rest_route=\/wp\/v2\/pages\/16\/revisions\/76"}],"wp:attachment":[{"href":"http:\/\/ib-gaier.de\/index.php?rest_route=%2Fwp%2Fv2%2Fmedia&parent=16"}],"curies":[{"name":"wp","href":"https:\/\/api.w.org\/{rel}","templated":true}]}}