{"id":15,"date":"2017-01-02T13:46:59","date_gmt":"2017-01-02T13:46:59","guid":{"rendered":"http:\/\/ib-gaier.de\/?page_id=15"},"modified":"2017-01-06T15:20:27","modified_gmt":"2017-01-06T14:20:27","slug":"energieberatung","status":"publish","type":"page","link":"http:\/\/ib-gaier.de\/?page_id=15","title":{"rendered":"Energieberatung"},"content":{"rendered":"<p>Vor dem Hintergrund steigender Energiepreise stellt sich f\u00fcr jeden Hauseigent\u00fcmer die Frage, wie sich an seinem Geb\u00e4ude Energie sparen l\u00e4sst.<\/p>\n<h3>Warum Energie sparen?<\/h3>\n<ul>\n<li>Bei einem Mietobjekt steigt die Vermietbarkeit, wenn die Nebenkosten nach einer energetischen Sanierung sinken.<\/li>\n<li>Als Selbstnutzer einer Immobilie kann sich eine Sanierung binnen kurzer Zeit amortisieren.<\/li>\n<li>Ihre Immobilie steigt im Wert, wenn sie sich energetisch auf dem neuesten Stand der Technik befindet.<\/li>\n<li>Um die internationalen Klimaschutzziele zu erreichen, fordert der Gesetzgeber in steigendem Ma\u00dfe Energieeinsparungsma\u00dfnahmen sowohl im Neubaubereich als auch zunehmend im Bereich des Geb\u00e4udebestandes. Dar\u00fcber hinaus wird immer mehr der Einsatz von erneuerbaren Energien vorgeschrieben, z.B. durch das Erneuerbare-W\u00e4rme-Gesetz Baden-W\u00fcrttemberg (EW\u00e4rmeG).<\/li>\n<\/ul>\n<p>Vor der Sanierung des Geb\u00e4udes bzw. eines Geb\u00e4udeteils (z.B. Fassade) sollte daher eine Bestandsaufnahme erfolgen. Ebenso vor einer gr\u00f6\u00dferen Reparatur an der Anlagentechnik, z.B. beim Ersatz des Heizkessels.<\/p>\n<h3>Warum Energieberatung?<\/h3>\n<ul>\n<li>Bei einer Energieberatung wird der komplette Zustand Ihres Geb\u00e4udes erfasst (Geb\u00e4udeh\u00fclle, Heizungsanlage, etc.), und Schwachstellen werden identifiziert. Nach einer Beratung ist der Eigent\u00fcmer dar\u00fcber informiert, wo an seinem Geb\u00e4ude wieviel Energie verloren geht (z.B. \u00fcber alte Fenster, einen alten Heizkessel oder \u00fcber W\u00e4rmebr\u00fccken).<\/li>\n<\/ul>\n<p>Ausgehend von dieser detailierten Analyse werden Modernisierungsvorschl\u00e4ge erstellt unter Ber\u00fccksichtigung verschiedener Randbedingungen:<\/p>\n<ul>\n<li>Dringlichkeit<\/li>\n<li>Energieeinsparungspotential<\/li>\n<li>Wirtschaftlichkeit\/Finanzierbarkeit<\/li>\n<li>F\u00f6rderm\u00f6glichkeiten<\/li>\n<\/ul>\n<p>\u21d2 Im Ergebnis werden f\u00fcr jede Immobilie individuell die passendsten Sanierungsvarianten herausgearbeitet. Dies spart dem Eigent\u00fcmer bares Geld.<\/p>\n<p>Die Energieberatung erfolgt sowohl f\u00fcr Wohngeb\u00e4ude, als auch f\u00fcr Nichtwohngeb\u00e4ude (Referenzgeb\u00e4udeverfahren nach DIN V 18599).<\/p>\n<p>Hinweis: Geb\u00e4udeenergieberatungen werden im Rahmen des Programms \u201eVor-Ort-Beratung\u201c vom Bundesamt f\u00fcr Wirtschaft und Ausfuhrkontrolle (BAfA) bezuschusst. Weitere Informationen unter <a href=\"http:\/\/www.bafa.de\/\">www.bafa.de.<\/a><\/p>\n","protected":false},"excerpt":{"rendered":"<p>Vor dem Hintergrund steigender Energiepreise stellt sich f\u00fcr jeden Hauseigent\u00fcmer die Frage, wie sich an seinem Geb\u00e4ude Energie sparen l\u00e4sst. Warum Energie sparen? Bei einem Mietobjekt steigt die Vermietbarkeit, wenn &#8230;<\/p>\n","protected":false},"author":1,"featured_media":0,"parent":0,"menu_order":0,"comment_status":"closed","ping_status":"closed","template":"","meta":{"footnotes":""},"_links":{"self":[{"href":"http:\/\/ib-gaier.de\/index.php?rest_route=\/wp\/v2\/pages\/15"}],"collection":[{"href":"http:\/\/ib-gaier.de\/index.php?rest_route=\/wp\/v2\/pages"}],"about":[{"href":"http:\/\/ib-gaier.de\/index.php?rest_route=\/wp\/v2\/types\/page"}],"author":[{"embeddable":true,"href":"http:\/\/ib-gaier.de\/index.php?rest_route=\/wp\/v2\/users\/1"}],"replies":[{"embeddable":true,"href":"http:\/\/ib-gaier.de\/index.php?rest_route=%2Fwp%2Fv2%2Fcomments&post=15"}],"version-history":[{"count":9,"href":"http:\/\/ib-gaier.de\/index.php?rest_route=\/wp\/v2\/pages\/15\/revisions"}],"predecessor-version":[{"id":75,"href":"http:\/\/ib-gaier.de\/index.php?rest_route=\/wp\/v2\/pages\/15\/revisions\/75"}],"wp:attachment":[{"href":"http:\/\/ib-gaier.de\/index.php?rest_route=%2Fwp%2Fv2%2Fmedia&parent=15"}],"curies":[{"name":"wp","href":"https:\/\/api.w.org\/{rel}","templated":true}]}}