{"id":13,"date":"2017-01-02T13:46:58","date_gmt":"2017-01-02T13:46:58","guid":{"rendered":"http:\/\/ib-gaier.de\/?page_id=13"},"modified":"2017-01-06T15:56:33","modified_gmt":"2017-01-06T14:56:33","slug":"startseite","status":"publish","type":"page","link":"http:\/\/ib-gaier.de\/","title":{"rendered":"Willkommen"},"content":{"rendered":"<p>auf der Homepage des Ingenieurb\u00fcros f\u00fcr Energieberatung Stefan Gaier.<\/p>\n<div id=\"energiehaus\"><img loading=\"lazy\" decoding=\"async\" class=\"alignnone size-medium wp-image-11\" src=\"http:\/\/ib-gaier.de\/wp-content\/uploads\/2017\/01\/Fotolia_12207367_XS-300x242.jpg\" alt=\"\" width=\"300\" height=\"242\" srcset=\"http:\/\/ib-gaier.de\/wp-content\/uploads\/2017\/01\/Fotolia_12207367_XS-300x242.jpg 300w, http:\/\/ib-gaier.de\/wp-content\/uploads\/2017\/01\/Fotolia_12207367_XS.jpg 385w\" sizes=\"(max-width: 300px) 100vw, 300px\" \/><\/div>\n<div><\/div>\n<div><\/div>\n<p>Durch eine individuelle und neutrale Energieberatung erfahren Sie mehr \u00fcber die Verbesserungspotentiale und Schwachstellen bei Ihrer Immobilie.<\/p>\n","protected":false},"excerpt":{"rendered":"<p>auf der Homepage des Ingenieurb\u00fcros f\u00fcr Energieberatung Stefan Gaier. Durch eine individuelle und neutrale Energieberatung erfahren Sie mehr \u00fcber die Verbesserungspotentiale und Schwachstellen bei Ihrer Immobilie.<\/p>\n","protected":false},"author":1,"featured_media":0,"parent":0,"menu_order":0,"comment_status":"closed","ping_status":"closed","template":"template-frontpage.php","meta":{"footnotes":""},"_links":{"self":[{"href":"http:\/\/ib-gaier.de\/index.php?rest_route=\/wp\/v2\/pages\/13"}],"collection":[{"href":"http:\/\/ib-gaier.de\/index.php?rest_route=\/wp\/v2\/pages"}],"about":[{"href":"http:\/\/ib-gaier.de\/index.php?rest_route=\/wp\/v2\/types\/page"}],"author":[{"embeddable":true,"href":"http:\/\/ib-gaier.de\/index.php?rest_route=\/wp\/v2\/users\/1"}],"replies":[{"embeddable":true,"href":"http:\/\/ib-gaier.de\/index.php?rest_route=%2Fwp%2Fv2%2Fcomments&post=13"}],"version-history":[{"count":6,"href":"http:\/\/ib-gaier.de\/index.php?rest_route=\/wp\/v2\/pages\/13\/revisions"}],"predecessor-version":[{"id":84,"href":"http:\/\/ib-gaier.de\/index.php?rest_route=\/wp\/v2\/pages\/13\/revisions\/84"}],"wp:attachment":[{"href":"http:\/\/ib-gaier.de\/index.php?rest_route=%2Fwp%2Fv2%2Fmedia&parent=13"}],"curies":[{"name":"wp","href":"https:\/\/api.w.org\/{rel}","templated":true}]}}